{"id":2515,"date":"2021-09-22T15:14:48","date_gmt":"2021-09-22T13:14:48","guid":{"rendered":"https:\/\/www.serans.net\/?page_id=2515"},"modified":"2021-10-08T18:19:54","modified_gmt":"2021-10-08T16:19:54","slug":"transport-scolaire","status":"publish","type":"page","link":"https:\/\/www.serans.com\/index.php\/transport-scolaire\/","title":{"rendered":"Transport scolaire"},"content":{"rendered":"<ul>\n<li>PRIMAIRE (RPI Hadancourt le haut Clocher &#8211; Serans &#8211; Montjavoult)<\/li>\n<li>COLLEGE Guy Maupassant \u00e0 Chaumont en Vexin<\/li>\n<li>LYCEE Polyvalent Louise Michel \u00e0 Gisors<\/li>\n<\/ul>\n<p>Vous pouvez consulter sur le site Oise mobilit\u00e9 la trafic des bus: <a href=\"https:\/\/www.oise-mobilite.fr\" target=\"_blank\" rel=\"noopener\">https:\/\/www.oise-mobilite.fr<\/a><\/p>\n","protected":false},"excerpt":{"rendered":"<p>PRIMAIRE (RPI Hadancourt le haut Clocher &#8211; Serans &#8211; Montjavoult) COLLEGE Guy Maupassant \u00e0 Chaumont en Vexin LYCEE Polyvalent Louise Michel \u00e0 Gisors Vous pouvez consulter sur le site Oise mobilit\u00e9 la trafic des bus: https:\/\/www.oise-mobilite.fr<\/p>\n","protected":false},"author":1,"featured_media":0,"parent":0,"menu_order":0,"comment_status":"closed","ping_status":"closed","template":"","meta":{"footnotes":""},"class_list":["post-2515","page","type-page","status-publish","hentry"],"_links":{"self":[{"href":"https:\/\/www.serans.com\/index.php\/wp-json\/wp\/v2\/pages\/2515","targetHints":{"allow":["GET"]}}],"collection":[{"href":"https:\/\/www.serans.com\/index.php\/wp-json\/wp\/v2\/pages"}],"about":[{"href":"https:\/\/www.serans.com\/index.php\/wp-json\/wp\/v2\/types\/page"}],"author":[{"embeddable":true,"href":"https:\/\/www.serans.com\/index.php\/wp-json\/wp\/v2\/users\/1"}],"replies":[{"embeddable":true,"href":"https:\/\/www.serans.com\/index.php\/wp-json\/wp\/v2\/comments?post=2515"}],"version-history":[{"count":5,"href":"https:\/\/www.serans.com\/index.php\/wp-json\/wp\/v2\/pages\/2515\/revisions"}],"predecessor-version":[{"id":2847,"href":"https:\/\/www.serans.com\/index.php\/wp-json\/wp\/v2\/pages\/2515\/revisions\/2847"}],"wp:attachment":[{"href":"https:\/\/www.serans.com\/index.php\/wp-json\/wp\/v2\/media?parent=2515"}],"curies":[{"name":"wp","href":"https:\/\/api.w.org\/{rel}","templated":true}]}}